{"id":398,"date":"2019-06-12T17:56:22","date_gmt":"2019-06-12T15:56:22","guid":{"rendered":"https:\/\/www.nscsweden.com\/?page_id=398"},"modified":"2025-11-19T15:42:57","modified_gmt":"2025-11-19T14:42:57","slug":"nsc-group-home","status":"publish","type":"page","link":"https:\/\/www.nscsweden.com\/en\/","title":{"rendered":"NSC Group Home"},"content":{"rendered":"\n\t<section class=\"section\" id=\"section_234493307\">\n\t\t<div class=\"section-bg fill\" >\n\t\t\t\t\t\t\t\t\t\n\t\t\t\n\n\t\t<\/div>\n\n\t\t\n\n\t\t<div class=\"section-content relative\">\n\t\t\t\n<div class=\"row row-collapse row-full-width align-middle\"  id=\"row-1254290623\">\n\n\t<div id=\"col-406774772\" class=\"col medium-4 small-12 large-4\"  >\n\t\t\t\t<div class=\"col-inner\"  >\n\t\t\t\n\t\t\t\n  <div class=\"banner-grid-wrapper\">\n  <div id=\"banner-grid-649324619\" class=\"banner-grid row row-grid row-collapse\" data-packery-options=\"\">\n                      \n<div class=\"col grid-col large-12 grid-col-1-2\" ><div class=\"col-inner\">\n\n  <div class=\"banner has-hover\" id=\"banner-1627621995\">\n          <div class=\"banner-inner fill\">\n        <div class=\"banner-bg fill\" >\n            <img loading=\"lazy\" decoding=\"async\" width=\"1020\" height=\"612\" src=\"https:\/\/www.nscsweden.com\/wp-content\/uploads\/2019\/06\/evolv-edge-1024x614.png\" class=\"bg attachment-large size-large\" alt=\"Produktbild Evolv Edge\" \/>                        <div class=\"overlay\"><\/div>            \n\t<div class=\"is-border\"\n\t\tstyle=\"border-width:0px 0px 4px 0px;margin:0px 0px 0px 0px;\">\n\t<\/div>\n                    <\/div>\n\t\t\n        <div class=\"banner-layers container\">\n            <div class=\"fill banner-link\"><\/div>            \n   <div id=\"text-box-1118613672\" class=\"text-box banner-layer x50 md-x50 lg-x50 y50 md-y50 lg-y50 res-text\">\n                                <div class=\"text-box-content text dark\">\n              \n              <div class=\"text-inner text-center\">\n                  \n<h1 class=\"uppercase\"><strong>SECURITY<\/strong><\/h1>\n<p><span style=\"font-size: 170%;\">SCREENING SOLUTIONS FOR A SAFER SOCIETY<\/span><\/p>\n<a href=\"\/security\" class=\"button primary is-xxlarge\" >\n\t\t<span>VISIT<\/span>\n\t<\/a>\n\n              <\/div>\n           <\/div>\n                            \n<style>\n#text-box-1118613672 .text-inner {\n  padding: 10px 0px 10px 0px;\n}\n#text-box-1118613672 {\n  width: 100%;\n}\n#text-box-1118613672 .text-box-content {\n  font-size: 100%;\n}\n<\/style>\n    <\/div>\n \n        <\/div>\n      <\/div>\n\n            \n<style>\n#banner-1627621995 {\n  padding-top: 97%;\n  background-color: rgb(255,255,255);\n}\n#banner-1627621995 .overlay {\n  background-color: rgba(25, 34, 65, 0.74);\n}\n<\/style>\n  <\/div>\n\n\n<\/div><\/div>\n<div class=\"col grid-col large-12 grid-col-1-2\" ><div class=\"col-inner\">\n\n  <div class=\"banner has-hover\" id=\"banner-1092312064\">\n          <div class=\"banner-inner fill\">\n        <div class=\"banner-bg fill\" >\n            <img loading=\"lazy\" decoding=\"async\" width=\"300\" height=\"200\" src=\"https:\/\/www.nscsweden.com\/wp-content\/uploads\/2019\/06\/AutomotiveTechnology.jpg\" class=\"bg attachment-large size-large\" alt=\"\" \/>                        <div class=\"overlay\"><\/div>            \n\t<div class=\"is-border\"\n\t\tstyle=\"border-width:4px 0px 0px 0px;\">\n\t<\/div>\n                    <\/div>\n\t\t\n        <div class=\"banner-layers container\">\n            <div class=\"fill banner-link\"><\/div>            \n   <div id=\"text-box-948902725\" class=\"text-box banner-layer x50 md-x50 lg-x50 y50 md-y50 lg-y50 res-text\">\n                                <div class=\"text-box-content text dark\">\n              \n              <div class=\"text-inner text-center\">\n                  \n<h1 class=\"uppercase\"><strong>CONSULTING<\/strong><\/h1>\n<p><span style=\"font-size: 170%;\">AUTOMOTIVE AND TECH CONSULTING WITH FOCUS IN YOU<\/span><\/p>\n<a href=\"\/consulting\" class=\"button primary is-xxlarge\" >\n\t\t<span>VISIT<\/span>\n\t<\/a>\n\n              <\/div>\n           <\/div>\n                            \n<style>\n#text-box-948902725 .text-inner {\n  padding: 10px 0px 10px 0px;\n}\n#text-box-948902725 {\n  width: 100%;\n}\n#text-box-948902725 .text-box-content {\n  font-size: 100%;\n}\n<\/style>\n    <\/div>\n \n        <\/div>\n      <\/div>\n\n            \n<style>\n#banner-1092312064 {\n  padding-top: 63%;\n  background-color: rgb(255,255,255);\n}\n#banner-1092312064 .overlay {\n  background-color: rgba(17, 22, 42, 0.74);\n}\n<\/style>\n  <\/div>\n\n\n<\/div><\/div>\n            <\/div>\n    <style>\n    #banner-grid-649324619 .grid-col-1{height: 520px}\n    #banner-grid-649324619 .grid-col-1-2{height: 260px}\n    #banner-grid-649324619 .grid-col-1-3{height:173.33333333333px}\n    #banner-grid-649324619 .grid-col-2-3{height: 346.66666666667px}\n    #banner-grid-649324619 .grid-col-1-4{height: 130px}\n    #banner-grid-649324619 .grid-col-3-4{height: 390px}\n\n\n    \n    \n\n  <\/style>\n    <\/div>\n  \n\t\t<\/div>\n\t\t\t\t\t<\/div>\n\n\t\n\n\t<div id=\"col-368719161\" class=\"col medium-8 small-12 large-8\"  >\n\t\t\t\t<div class=\"col-inner\"  >\n\t\t\t\n\t\t\t\n\n  <div class=\"banner has-hover is-full-height\" id=\"banner-451007196\">\n          <div class=\"banner-inner fill\">\n        <div class=\"banner-bg fill\" >\n            <img loading=\"lazy\" decoding=\"async\" width=\"1020\" height=\"679\" src=\"https:\/\/www.nscsweden.com\/wp-content\/uploads\/2019\/06\/CaringConsulting01-1024x682.jpg\" class=\"bg attachment-large size-large\" alt=\"\" \/>                                    \n                    <\/div>\n\t\t\n        <div class=\"banner-layers container\">\n            <div class=\"fill banner-link\"><\/div>            \n   <div id=\"text-box-1292917652\" class=\"text-box banner-layer x50 md-x50 lg-x50 y5 md-y5 lg-y5 res-text\">\n                                <div class=\"text-box-content text dark\">\n              \n              <div class=\"text-inner text-center\">\n                  \n<h2 class=\"uppercase\"><span data-text-color=\"primary\"><strong>NSC GROUP<\/strong><\/span><\/h2>\n<p><span style=\"font-size: 150%;\">GROWING BUSINESSES <\/span><span style=\"font-size: 150%;\">FOR A BETTER FUTURE<\/span><\/p>\n              <\/div>\n           <\/div>\n                            \n<style>\n#text-box-1292917652 {\n  width: 58%;\n}\n#text-box-1292917652 .text-box-content {\n  font-size: 100%;\n}\n<\/style>\n    <\/div>\n \n        <\/div>\n      <\/div>\n\n            \n<style>\n#banner-451007196 {\n  padding-top: 100%;\n  background-color: #bdccd3;\n}\n<\/style>\n  <\/div>\n\n\n\t\t<\/div>\n\t\t\t\t\t<\/div>\n\n\t\n<\/div>\n\n  <div class=\"banner has-hover is-full-height has-parallax\" id=\"banner-672026337\">\n          <div class=\"banner-inner fill\">\n        <div class=\"banner-bg fill\" data-parallax=\"-10\" data-parallax-container=\".banner\" data-parallax-background>\n            <img loading=\"lazy\" decoding=\"async\" width=\"1020\" height=\"765\" src=\"https:\/\/www.nscsweden.com\/wp-content\/uploads\/2019\/08\/reza-shayestehpour-14238-unsplash-1024x768.jpg\" class=\"bg attachment-large size-large\" alt=\"\" \/>                                    \n\t<div class=\"is-border\"\n\t\tstyle=\"border-width:0px 0px 0px 0px;\">\n\t<\/div>\n                    <\/div>\n\t\t\n        <div class=\"banner-layers container\">\n            <div class=\"fill banner-link\"><\/div>            \n   <div id=\"text-box-661596813\" class=\"text-box banner-layer x50 md-x50 lg-x50 y50 md-y50 lg-y50 res-text\">\n                                <div class=\"text-box-content text dark\">\n              \n              <div class=\"text-inner text-center\">\n                  \n<h3 class=\"uppercase\"><strong>OUR VISION<\/strong><\/h3>\n<h4>We are a group of companies that believes in growing business that inspire, challenge and engage individuals towards their full potential and dreams. This enables us to achieve passion, excellence and meaningful relationships between ourselves and our customers while co-creating values for a better future.<\/h4>\n              <\/div>\n           <\/div>\n                            \n<style>\n#text-box-661596813 .text-box-content {\n  background-color: rgba(33, 42, 71, 0.78);\n  font-size: 115%;\n}\n#text-box-661596813 .text-inner {\n  padding: 10px 10px 10px 10px;\n}\n#text-box-661596813 {\n  width: 95%;\n}\n<\/style>\n    <\/div>\n \n        <\/div>\n      <\/div>\n\n            \n<style>\n#banner-672026337 {\n  padding-top: 100%;\n  background-color: #bdccd3;\n}\n<\/style>\n  <\/div>\n\n\n\n  <div class=\"banner has-hover\" id=\"banner-1172279954\">\n          <div class=\"banner-inner fill\">\n        <div class=\"banner-bg fill\" >\n                                                \n                    <\/div>\n\t\t\n        <div class=\"banner-layers container\">\n            <div class=\"fill banner-link\"><\/div>            \n   <div id=\"text-box-1752340861\" class=\"text-box banner-layer x50 md-x50 lg-x50 y50 md-y50 lg-y50 res-text\">\n                                <div class=\"text-box-content text dark\">\n              \n              <div class=\"text-inner text-center\">\n                  \n<div class=\"is-divider divider clearfix\" ><\/div>\n\t<div id=\"text-620958970\" class=\"text\">\n\t\t\n<p><img loading=\"lazy\" decoding=\"async\" class=\"alignnone size-medium wp-image-6255\" src=\"https:\/\/www.nscsweden.com\/wp-content\/uploads\/2025\/11\/nsc-iso-9001-14001-27001-300x106.png\" alt=\"\" width=\"300\" height=\"106\" srcset=\"https:\/\/www.nscsweden.com\/wp-content\/uploads\/2025\/11\/nsc-iso-9001-14001-27001-300x106.png 300w, https:\/\/www.nscsweden.com\/wp-content\/uploads\/2025\/11\/nsc-iso-9001-14001-27001.png 500w\" sizes=\"auto, (max-width: 300px) 100vw, 300px\" \/><\/p>\n<h4 class=\"uppercase\" style=\"text-align: left;\"><strong>Verksamhetspolicy<\/strong><\/h4>\n<p style=\"text-align: left;\"><span data-text-color=\"black\">NSC \u00e4r experterna som ser till att v\u00e5ra kunders kunder blir n\u00f6jda. Vi erbjuder konsulttj\u00e4nster inom diagnostik, metodutveckling, IT och utbildning inom dessa omr\u00e5den. Inom omr\u00e5det Security erbjuder vi l\u00f6sningar f\u00f6r skydd av m\u00e4nniskor, gods, anl\u00e4ggningar och infrastruktur.\u00a0<\/span><br \/>\n<span data-text-color=\"black\">\u00a0<\/span><br \/>\n<span data-text-color=\"black\">Kvalitet \u00e4r ett ledord som genomsyrar alla v\u00e5ra processer:\u00a0<\/span><\/p>\n<ul style=\"text-align: left;\">\n<li><span data-text-color=\"black\">Vi str\u00e4var efter att \u00f6vertr\u00e4ffa v\u00e5ra kunders f\u00f6rv\u00e4ntningar p\u00e5 v\u00e5ra tj\u00e4nster.\u00a0<\/span><\/li>\n<li><span data-text-color=\"black\">Vi ska arbeta med st\u00e4ndiga f\u00f6rb\u00e4ttringar och sj\u00e4lvklart f\u00f6lja de lagar och andra krav som st\u00e4lls p\u00e5 oss.<\/span><\/li>\n<\/ul>\n<p style=\"text-align: left;\"><span data-text-color=\"black\">Milj\u00f6n \u00e4r viktig f\u00f6r oss och f\u00f6r v\u00e5ra kunder, nu och i framtiden, d\u00e4rf\u00f6r ska vi skydda milj\u00f6n genom att:\u00a0<\/span><\/p>\n<ul>\n<li style=\"text-align: left;\"><span data-text-color=\"black\">F\u00f6rebygga f\u00f6rorening genom planering och strategiskt arbete med smarta milj\u00f6m\u00e5l.<\/span><\/li>\n<li style=\"text-align: left;\"><span data-text-color=\"black\">Uppfylla de milj\u00f6lagar som st\u00e4lls p\u00e5 oss.<\/span><\/li>\n<\/ul>\n<p style=\"text-align: left;\"><span data-text-color=\"black\">Informationss\u00e4kerhet \u00e4r viktig f\u00f6r oss och f\u00f6r v\u00e5ra kunder, nu och i framtiden, d\u00e4rf\u00f6r ska vi skydda informationen genom att:<\/span><\/p>\n<ul>\n<li style=\"text-align: left;\"><span data-text-color=\"black\">Arbeta med risker och riskreducering.<\/span><\/li>\n<li style=\"text-align: left;\"><span data-text-color=\"black\">Klassificera informationen efter v\u00e5r modell f\u00f6r KRT (Klassificering, Riktighet och Tillg\u00e4nglighet).<\/span><\/li>\n<li style=\"text-align: left;\"><span data-text-color=\"black\">S\u00e4kerst\u00e4lla att endast beh\u00f6riga har tillg\u00e5ng till den informationen som anses vara n\u00f6dv\u00e4ndig f\u00f6r deras roll.<\/span><\/li>\n<li style=\"text-align: left;\"><span data-text-color=\"black\">S\u00e4kerst\u00e4lla en god IT s\u00e4kerhet och informationss\u00e4kerhet i v\u00e5ra digitala system.<\/span><\/li>\n<\/ul>\n\t\t\n<style>\n#text-620958970 {\n  color: rgb(0,0,0);\n}\n#text-620958970 > * {\n  color: rgb(0,0,0);\n}\n<\/style>\n\t<\/div>\n\t\n              <\/div>\n           <\/div>\n                            \n<style>\n#text-box-1752340861 {\n  width: 60%;\n}\n#text-box-1752340861 .text-box-content {\n  font-size: 100%;\n}\n<\/style>\n    <\/div>\n \n        <\/div>\n      <\/div>\n\n            \n<style>\n#banner-1172279954 {\n  padding-top: 500px;\n  background-color: #bdccd3;\n}\n<\/style>\n  <\/div>\n\n\n\t\t<\/div>\n\n\t\t\n<style>\n#section_234493307 {\n  padding-top: 0px;\n  padding-bottom: 0px;\n}\n<\/style>\n\t<\/section>\n\t\n","protected":false},"excerpt":{"rendered":"","protected":false},"author":4,"featured_media":0,"parent":0,"menu_order":0,"comment_status":"closed","ping_status":"closed","template":"page-blank.php","meta":{"footnotes":""},"class_list":["post-398","page","type-page","status-publish","hentry"],"yoast_head":"<!-- This site is optimized with the Yoast SEO plugin v27.4 - https:\/\/yoast.com\/product\/yoast-seo-wordpress\/ -->\n<title>NSC Group Home - NSC Sweden<\/title>\n<meta name=\"robots\" content=\"index, follow, max-snippet:-1, max-image-preview:large, max-video-preview:-1\" \/>\n<link rel=\"canonical\" href=\"https:\/\/www.nscsweden.com\/\" \/>\n<meta property=\"og:locale\" content=\"en_US\" \/>\n<meta property=\"og:type\" content=\"article\" \/>\n<meta property=\"og:title\" content=\"NSC Group Home - NSC Sweden\" \/>\n<meta property=\"og:url\" content=\"https:\/\/www.nscsweden.com\/\" \/>\n<meta property=\"og:site_name\" content=\"NSC Sweden\" \/>\n<meta property=\"article:modified_time\" content=\"2025-11-19T14:42:57+00:00\" \/>\n<meta property=\"og:image\" content=\"https:\/\/www.nscsweden.com\/wp-content\/uploads\/2025\/11\/nsc-iso-9001-14001-27001-300x106.png\" \/>\n<meta name=\"twitter:card\" content=\"summary_large_image\" \/>\n<meta name=\"twitter:label1\" content=\"Est. reading time\" \/>\n\t<meta name=\"twitter:data1\" content=\"3 minutes\" \/>\n<script type=\"application\/ld+json\" class=\"yoast-schema-graph\">{\"@context\":\"https:\\\/\\\/schema.org\",\"@graph\":[{\"@type\":\"WebPage\",\"@id\":\"https:\\\/\\\/www.nscsweden.com\\\/\",\"url\":\"https:\\\/\\\/www.nscsweden.com\\\/\",\"name\":\"NSC Group Home - NSC Sweden\",\"isPartOf\":{\"@id\":\"https:\\\/\\\/www.nscsweden.com\\\/#website\"},\"primaryImageOfPage\":{\"@id\":\"https:\\\/\\\/www.nscsweden.com\\\/#primaryimage\"},\"image\":{\"@id\":\"https:\\\/\\\/www.nscsweden.com\\\/#primaryimage\"},\"thumbnailUrl\":\"https:\\\/\\\/www.nscsweden.com\\\/wp-content\\\/uploads\\\/2025\\\/11\\\/nsc-iso-9001-14001-27001-300x106.png\",\"datePublished\":\"2019-06-12T15:56:22+00:00\",\"dateModified\":\"2025-11-19T14:42:57+00:00\",\"breadcrumb\":{\"@id\":\"https:\\\/\\\/www.nscsweden.com\\\/#breadcrumb\"},\"inLanguage\":\"en-US\",\"potentialAction\":[{\"@type\":\"ReadAction\",\"target\":[\"https:\\\/\\\/www.nscsweden.com\\\/\"]}]},{\"@type\":\"ImageObject\",\"inLanguage\":\"en-US\",\"@id\":\"https:\\\/\\\/www.nscsweden.com\\\/#primaryimage\",\"url\":\"https:\\\/\\\/www.nscsweden.com\\\/wp-content\\\/uploads\\\/2025\\\/11\\\/nsc-iso-9001-14001-27001-300x106.png\",\"contentUrl\":\"https:\\\/\\\/www.nscsweden.com\\\/wp-content\\\/uploads\\\/2025\\\/11\\\/nsc-iso-9001-14001-27001-300x106.png\"},{\"@type\":\"BreadcrumbList\",\"@id\":\"https:\\\/\\\/www.nscsweden.com\\\/#breadcrumb\",\"itemListElement\":[{\"@type\":\"ListItem\",\"position\":1,\"name\":\"Home\",\"item\":\"https:\\\/\\\/www.nscsweden.com\\\/\"},{\"@type\":\"ListItem\",\"position\":2,\"name\":\"NSC Group Home\"}]},{\"@type\":\"WebSite\",\"@id\":\"https:\\\/\\\/www.nscsweden.com\\\/#website\",\"url\":\"https:\\\/\\\/www.nscsweden.com\\\/\",\"name\":\"NSC Sweden\",\"description\":\"NSC Sweden\",\"potentialAction\":[{\"@type\":\"SearchAction\",\"target\":{\"@type\":\"EntryPoint\",\"urlTemplate\":\"https:\\\/\\\/www.nscsweden.com\\\/?s={search_term_string}\"},\"query-input\":{\"@type\":\"PropertyValueSpecification\",\"valueRequired\":true,\"valueName\":\"search_term_string\"}}],\"inLanguage\":\"en-US\"}]}<\/script>\n<!-- \/ Yoast SEO plugin. -->","yoast_head_json":{"title":"NSC Group Home - NSC Sweden","robots":{"index":"index","follow":"follow","max-snippet":"max-snippet:-1","max-image-preview":"max-image-preview:large","max-video-preview":"max-video-preview:-1"},"canonical":"https:\/\/www.nscsweden.com\/","og_locale":"en_US","og_type":"article","og_title":"NSC Group Home - NSC Sweden","og_url":"https:\/\/www.nscsweden.com\/","og_site_name":"NSC Sweden","article_modified_time":"2025-11-19T14:42:57+00:00","og_image":[{"url":"https:\/\/www.nscsweden.com\/wp-content\/uploads\/2025\/11\/nsc-iso-9001-14001-27001-300x106.png","type":"","width":"","height":""}],"twitter_card":"summary_large_image","twitter_misc":{"Est. reading time":"3 minutes"},"schema":{"@context":"https:\/\/schema.org","@graph":[{"@type":"WebPage","@id":"https:\/\/www.nscsweden.com\/","url":"https:\/\/www.nscsweden.com\/","name":"NSC Group Home - NSC Sweden","isPartOf":{"@id":"https:\/\/www.nscsweden.com\/#website"},"primaryImageOfPage":{"@id":"https:\/\/www.nscsweden.com\/#primaryimage"},"image":{"@id":"https:\/\/www.nscsweden.com\/#primaryimage"},"thumbnailUrl":"https:\/\/www.nscsweden.com\/wp-content\/uploads\/2025\/11\/nsc-iso-9001-14001-27001-300x106.png","datePublished":"2019-06-12T15:56:22+00:00","dateModified":"2025-11-19T14:42:57+00:00","breadcrumb":{"@id":"https:\/\/www.nscsweden.com\/#breadcrumb"},"inLanguage":"en-US","potentialAction":[{"@type":"ReadAction","target":["https:\/\/www.nscsweden.com\/"]}]},{"@type":"ImageObject","inLanguage":"en-US","@id":"https:\/\/www.nscsweden.com\/#primaryimage","url":"https:\/\/www.nscsweden.com\/wp-content\/uploads\/2025\/11\/nsc-iso-9001-14001-27001-300x106.png","contentUrl":"https:\/\/www.nscsweden.com\/wp-content\/uploads\/2025\/11\/nsc-iso-9001-14001-27001-300x106.png"},{"@type":"BreadcrumbList","@id":"https:\/\/www.nscsweden.com\/#breadcrumb","itemListElement":[{"@type":"ListItem","position":1,"name":"Home","item":"https:\/\/www.nscsweden.com\/"},{"@type":"ListItem","position":2,"name":"NSC Group Home"}]},{"@type":"WebSite","@id":"https:\/\/www.nscsweden.com\/#website","url":"https:\/\/www.nscsweden.com\/","name":"NSC Sweden","description":"NSC Sweden","potentialAction":[{"@type":"SearchAction","target":{"@type":"EntryPoint","urlTemplate":"https:\/\/www.nscsweden.com\/?s={search_term_string}"},"query-input":{"@type":"PropertyValueSpecification","valueRequired":true,"valueName":"search_term_string"}}],"inLanguage":"en-US"}]}},"_links":{"self":[{"href":"https:\/\/www.nscsweden.com\/en\/wp-json\/wp\/v2\/pages\/398","targetHints":{"allow":["GET"]}}],"collection":[{"href":"https:\/\/www.nscsweden.com\/en\/wp-json\/wp\/v2\/pages"}],"about":[{"href":"https:\/\/www.nscsweden.com\/en\/wp-json\/wp\/v2\/types\/page"}],"author":[{"embeddable":true,"href":"https:\/\/www.nscsweden.com\/en\/wp-json\/wp\/v2\/users\/4"}],"replies":[{"embeddable":true,"href":"https:\/\/www.nscsweden.com\/en\/wp-json\/wp\/v2\/comments?post=398"}],"version-history":[{"count":244,"href":"https:\/\/www.nscsweden.com\/en\/wp-json\/wp\/v2\/pages\/398\/revisions"}],"predecessor-version":[{"id":6260,"href":"https:\/\/www.nscsweden.com\/en\/wp-json\/wp\/v2\/pages\/398\/revisions\/6260"}],"wp:attachment":[{"href":"https:\/\/www.nscsweden.com\/en\/wp-json\/wp\/v2\/media?parent=398"}],"curies":[{"name":"wp","href":"https:\/\/api.w.org\/{rel}","templated":true}]}}